{"id":418,"date":"2019-09-13T18:20:21","date_gmt":"2019-09-13T21:20:21","guid":{"rendered":"http:\/\/www.sbpr.org.br\/radio2019\/?page_id=418"},"modified":"2019-09-15T20:02:58","modified_gmt":"2019-09-15T23:02:58","slug":"visita-ao-ipen","status":"publish","type":"page","link":"https:\/\/www.sbpr.org.br\/radio2019\/visita-ao-ipen\/","title":{"rendered":"Visita ao IPEN"},"content":{"rendered":"<p><\/p>\n<h1>INSCRI\u00c7\u00d5ES PARA VISITA AO IPEN ENCERRADAS!<\/h1>\n<table>\n<tbody>\n<tr>\n<td colspan=\"2\" width=\"604\"><strong>PROGRAMA\u00c7\u00c3O DE VISITA\u00c7\u00c3O AO IPEN<\/strong><\/td>\n<\/tr>\n<tr>\n<td width=\"300\">Hor\u00e1rio<\/td>\n<td width=\"304\">Local<\/td>\n<\/tr>\n<tr>\n<td width=\"300\"><strong>\u00a0<\/strong><\/p>\n<p><strong>\u00a0<\/strong><\/p>\n<p><strong>8h40 \u2013 9h15<\/strong><\/td>\n<td width=\"304\">Recep\u00e7\u00e3o dos visitantes pelos servidores da Assessoria de Comunica\u00e7\u00e3o Institucional (<strong>SECOI<\/strong>) no sagu\u00e3o do <strong>Bloco A<\/strong> do IPEN e divis\u00e3o dos grupos<\/td>\n<\/tr>\n<tr>\n<td width=\"300\">&nbsp;<\/p>\n<p>Grupo A:<strong> 9h20 &#8211; 10h40<\/strong><\/p>\n<p>Grupo B:<strong> 10h45 &#8211; 12h05<\/strong><\/td>\n<td width=\"304\">Visita ao Centro de Tecnologia das Radia\u00e7\u00f5es (<strong>CETER<\/strong>)<br \/>\nInstala\u00e7\u00f5es do Irradiador Multiprop\u00f3sito de Cobalto-60<\/td>\n<\/tr>\n<tr>\n<td width=\"300\">&nbsp;<\/p>\n<p>Grupo A:<strong> 10h45 &#8211; 12h05<\/strong><\/p>\n<p>Grupo B:<strong> 9h20 &#8211; 10h40<\/strong><\/td>\n<td width=\"304\">Visita ao Centro do Reator de Pesquisas (<strong>CERPQ<\/strong>)<br \/>\nInstala\u00e7\u00f5es do Reator Nuclear de Pesquisa IEA-R1<\/td>\n<\/tr>\n<\/tbody>\n<\/table>\n<p>&nbsp;<\/p>","protected":false},"excerpt":{"rendered":"<p>INSCRI\u00c7\u00d5ES PARA VISITA AO IPEN ENCERRADAS! PROGRAMA\u00c7\u00c3O DE VISITA\u00c7\u00c3O AO IPEN Hor\u00e1rio Local \u00a0 \u00a0 8h40 \u2013 9h15 Recep\u00e7\u00e3o dos visitantes pelos servidores da Assessoria de Comunica\u00e7\u00e3o Institucional (SECOI) no sagu\u00e3o do Bloco A do IPEN e divis\u00e3o dos grupos &nbsp; Grupo A: 9h20 &#8211; 10h40 Grupo B: 10h45 &#8211; 12h05 Visita ao Centro de &hellip; <\/p>\n<p class=\"link-more\"><a href=\"https:\/\/www.sbpr.org.br\/radio2019\/visita-ao-ipen\/\" class=\"more-link\">Continue lendo<span class=\"screen-reader-text\"> &#8220;Visita ao IPEN&#8221;<\/span><\/a><\/p>\n","protected":false},"author":1,"featured_media":0,"parent":0,"menu_order":0,"comment_status":"closed","ping_status":"closed","template":"","meta":{"footnotes":""},"class_list":["post-418","page","type-page","status-publish","hentry"],"_links":{"self":[{"href":"https:\/\/www.sbpr.org.br\/radio2019\/wp-json\/wp\/v2\/pages\/418","targetHints":{"allow":["GET"]}}],"collection":[{"href":"https:\/\/www.sbpr.org.br\/radio2019\/wp-json\/wp\/v2\/pages"}],"about":[{"href":"https:\/\/www.sbpr.org.br\/radio2019\/wp-json\/wp\/v2\/types\/page"}],"author":[{"embeddable":true,"href":"https:\/\/www.sbpr.org.br\/radio2019\/wp-json\/wp\/v2\/users\/1"}],"replies":[{"embeddable":true,"href":"https:\/\/www.sbpr.org.br\/radio2019\/wp-json\/wp\/v2\/comments?post=418"}],"version-history":[{"count":3,"href":"https:\/\/www.sbpr.org.br\/radio2019\/wp-json\/wp\/v2\/pages\/418\/revisions"}],"predecessor-version":[{"id":429,"href":"https:\/\/www.sbpr.org.br\/radio2019\/wp-json\/wp\/v2\/pages\/418\/revisions\/429"}],"wp:attachment":[{"href":"https:\/\/www.sbpr.org.br\/radio2019\/wp-json\/wp\/v2\/media?parent=418"}],"curies":[{"name":"wp","href":"https:\/\/api.w.org\/{rel}","templated":true}]}}