{"id":40,"date":"2019-03-14T10:23:41","date_gmt":"2019-03-14T13:23:41","guid":{"rendered":"http:\/\/www.sbpr.org.br\/radio2019\/?page_id=40"},"modified":"2019-09-25T20:08:16","modified_gmt":"2019-09-25T23:08:16","slug":"datas-importantes","status":"publish","type":"page","link":"https:\/\/www.sbpr.org.br\/radio2019\/datas-importantes\/","title":{"rendered":"Datas Importantes E Resumo"},"content":{"rendered":"<p><\/p>\n<h1><strong>Datas Importantes<\/strong><\/h1>\n<p style=\"font-weight: 400;\"><strong>17 de junho de 2019<\/strong>: Submiss\u00e3o dos Resumos Expandidos de acordo com o\u00a0<em>Template<\/em><\/p>\n<p style=\"font-weight: 400;\"><strong>28 de junho de 2019<\/strong>: Comunica\u00e7\u00e3o de aceite do Resumo Expandido para os Anais do RADIO2019<\/p>\n<p><strong>30 de Setembro de 2019<\/strong>: Submiss\u00e3o do Artigo Completo para publica\u00e7\u00e3o na BJRS.<\/p>\n<p style=\"font-weight: 400;\"><strong>16 a 20 de setembro de 2019<\/strong>: Realiza\u00e7\u00e3o da RADIO 2019.<\/p>\n<h1><strong>Normas para os trabalhos da RADIO 2019<\/strong><\/h1>\n<ol>\n<li>Os trabalhos ser\u00e3o selecionados apenas com base nos <strong>Resumos Expandidos <\/strong>de no m\u00e1ximo duas p\u00e1ginas. O modelo (<strong><em>Template<\/em><\/strong>) encontra-se no site do evento (<a href=\"http:\/\/www.sbpr.org.br\/radio2019\/wp-content\/uploads\/2019\/03\/Template-Resumo-expandido-IJC-Radio-2019-07-02-2019.doc\">download aqui<\/a>).<\/li>\n<li>Os Resumos Expandidos ser\u00e3o submetidos, via site do BJRS. J\u00e1 est\u00e1 aberto no site do peri\u00f3dico o espa\u00e7o reservado para este evento &#8211; Resumos Expandidos. Este local com os Resumos Aceitos constituir\u00e3o os <strong>Proceedings da RADIO 2019<\/strong> e estar\u00e3o dispon\u00edveis no site do evento e no <strong>APP<\/strong> que ser\u00e1 disponibilizado para todos os participantes do evento.<\/li>\n<li>Os trabalhos completos ser\u00e3o submetidos no formato do BJRS e ser\u00e3o analisados por dois avaliadores (formados pelos revisores oficiais do BJRS e por alguns mais credenciados pelo Comit\u00ea Cient\u00edfico &#8211; <a href=\"https:\/\/www.bjrs.org.br\/revista\/index.php\/REVISTA\/about\/submissions#onlineSubmissions\">download aqui<\/a>). <strong>O n\u00famero de trabalhos contemplados para publica\u00e7\u00e3o ser\u00e1 definido pelo Comit\u00ea Cient\u00edfico entre aqueles aprovados pelas Revisores<\/strong>.<\/li>\n<li>Para a submiss\u00e3o do trabalho completo \u00e9 necess\u00e1rio acessar a \u00e1rea exclusiva do autor e prosseguir a submiss\u00e3o do trabalho como mais uma etapa de avalia\u00e7\u00e3o do resumo expandido, sendo necess\u00e1rio apenas o upload do trabalho completo.<\/li>\n<li>Os trabalhos a serem apresentados nas sess\u00f5es orais ser\u00e3o selecionados pelo Comit\u00ea Cient\u00edfico e avaliados da mesma forma que foi utilizada na RADIO 2017, para efeitos de premia\u00e7\u00e3o. Aqueles a serem apresentados em forma de p\u00f4steres tamb\u00e9m ser\u00e3o avaliados de forma semelhante \u00e0 que foi feita durante a RADIO 2017 para efeito de premia\u00e7\u00e3o. Os avaliadores desta etapa de avalia\u00e7\u00e3o para premia\u00e7\u00e3o tamb\u00e9m ser\u00e3o indicados pelo Comit\u00ea Cient\u00edfico.<\/li>\n<\/ol>\n<h1><strong>Principais T\u00f3picos:<\/strong><\/h1>\n<p>1. Seguran\u00e7a Radiol\u00f3gica e Prote\u00e7\u00e3o Radiol\u00f3gica Ocupacional e Ambiental em:<br \/>\n1.1. Instala\u00e7\u00f5es Industriais<br \/>\n1.2. Instala\u00e7\u00f5es M\u00e9dicas<br \/>\n1.2.1 Radiodiagn\u00f3stico<br \/>\n1.2.2 Radioterapia<br \/>\n1.2.3 Medicina Nuclear<br \/>\n1.2.4 Radiologia Intervencionista<br \/>\n1.3. Instala\u00e7\u00f5es M\u00ednero-Industriais e de Extra\u00e7\u00e3o de Petr\u00f3leo e G\u00e1s<br \/>\n1.4. Aplica\u00e7\u00f5es de T\u00e9cnicas Nucleares na Pesquisa<br \/>\n2. Seguran\u00e7a Nuclear e Prote\u00e7\u00e3o Radiol\u00f3gica Ocupacional e Ambiental em:<br \/>\n2.1. Usinas Nucleoel\u00e9tricas<br \/>\n2.2. Reatores Nucleares de Pesquisa<br \/>\n2.3. Instala\u00e7\u00f5es do Ciclo do Combust\u00edvel Nuclear<br \/>\n3. Efeitos Biol\u00f3gicos das Radia\u00e7\u00f5es Ionizantes<br \/>\n4. Prote\u00e7\u00e3o Radiol\u00f3gica do Paciente<br \/>\n5. Metrologia das Radia\u00e7\u00f5es Ionizantes<br \/>\n6. Dosimetria e Instrumenta\u00e7\u00e3o Nuclear<br \/>\n7. Transporte de Material Radioativo<br \/>\n8. Ger\u00eancia de Rejeitos Radioativos<br \/>\n9. Prote\u00e7\u00e3o F\u00edsica e Salvaguardas<br \/>\n10. Emerg\u00eancias Radiol\u00f3gicas e Nucleares<br \/>\n10.1 Li\u00e7\u00f5es Aprendidas em Acidentes radiol\u00f3gicos e nucleares<br \/>\n10.2 Prepara\u00e7\u00e3o e Resposta a Amea\u00e7as Maliciosas em Centros Urbanos de Grandes Popula\u00e7\u00f5es<br \/>\n10.3 Prepara\u00e7\u00e3o e Resposta a Emerg\u00eancias em Reatores Nucleares de Pesquisa e de Pot\u00eancia<br \/>\n11. Educa\u00e7\u00e3o e Comunica\u00e7\u00e3o<br \/>\n11.1 Comunica\u00e7\u00e3o do Risco e Informa\u00e7\u00e3o<br \/>\n11.2 Treinamento e Forma\u00e7\u00e3o de Recursos Humanos<br \/>\n12. Legisla\u00e7\u00e3o e Normas nas Aplica\u00e7\u00f5es<br \/>\n13. Prote\u00e7\u00e3o contra Radia\u00e7\u00f5es N\u00e3o Ionizantes<br \/>\n14. Gest\u00e3o de Risco<br \/>\n15. Radioatividade Natural<\/p>\n<h1><strong>Submiss\u00e3o do resumo<\/strong><\/h1>\n<p>A submiss\u00e3o do resumo expandido ser\u00e1 realizada na plataforma da Revista BJRS e dever\u00e1 constar TODOS os autores envolvidos, bem como ser enquadrado na se\u00e7\u00e3o &#8220;RADIO2019&#8221;.<\/p>\n<p>A p\u00e1gina de submiss\u00e3o encontra-se dispon\u00edvel <a href=\"https:\/\/www.bjrs.org.br\/revista\/index.php\/REVISTA\/about\/submissions#onlineSubmissions\">aqui.<\/a><\/p>","protected":false},"excerpt":{"rendered":"<p>Datas Importantes 17 de junho de 2019: Submiss\u00e3o dos Resumos Expandidos de acordo com o\u00a0Template 28 de junho de 2019: Comunica\u00e7\u00e3o de aceite do Resumo Expandido para os Anais do RADIO2019 30 de Setembro de 2019: Submiss\u00e3o do Artigo Completo para publica\u00e7\u00e3o na BJRS. 16 a 20 de setembro de 2019: Realiza\u00e7\u00e3o da RADIO 2019. &hellip; <\/p>\n<p class=\"link-more\"><a href=\"https:\/\/www.sbpr.org.br\/radio2019\/datas-importantes\/\" class=\"more-link\">Continue lendo<span class=\"screen-reader-text\"> &#8220;Datas Importantes E Resumo&#8221;<\/span><\/a><\/p>\n","protected":false},"author":1,"featured_media":183,"parent":0,"menu_order":0,"comment_status":"closed","ping_status":"closed","template":"","meta":{"footnotes":""},"class_list":["post-40","page","type-page","status-publish","has-post-thumbnail","hentry"],"_links":{"self":[{"href":"https:\/\/www.sbpr.org.br\/radio2019\/wp-json\/wp\/v2\/pages\/40","targetHints":{"allow":["GET"]}}],"collection":[{"href":"https:\/\/www.sbpr.org.br\/radio2019\/wp-json\/wp\/v2\/pages"}],"about":[{"href":"https:\/\/www.sbpr.org.br\/radio2019\/wp-json\/wp\/v2\/types\/page"}],"author":[{"embeddable":true,"href":"https:\/\/www.sbpr.org.br\/radio2019\/wp-json\/wp\/v2\/users\/1"}],"replies":[{"embeddable":true,"href":"https:\/\/www.sbpr.org.br\/radio2019\/wp-json\/wp\/v2\/comments?post=40"}],"version-history":[{"count":28,"href":"https:\/\/www.sbpr.org.br\/radio2019\/wp-json\/wp\/v2\/pages\/40\/revisions"}],"predecessor-version":[{"id":436,"href":"https:\/\/www.sbpr.org.br\/radio2019\/wp-json\/wp\/v2\/pages\/40\/revisions\/436"}],"wp:featuredmedia":[{"embeddable":true,"href":"https:\/\/www.sbpr.org.br\/radio2019\/wp-json\/wp\/v2\/media\/183"}],"wp:attachment":[{"href":"https:\/\/www.sbpr.org.br\/radio2019\/wp-json\/wp\/v2\/media?parent=40"}],"curies":[{"name":"wp","href":"https:\/\/api.w.org\/{rel}","templated":true}]}}