{"id":339,"date":"2019-08-21T12:41:23","date_gmt":"2019-08-21T15:41:23","guid":{"rendered":"http:\/\/www.sbpr.org.br\/radio2019\/?page_id=339"},"modified":"2019-09-14T12:35:13","modified_gmt":"2019-09-14T15:35:13","slug":"programacoes-tecnicas","status":"publish","type":"page","link":"https:\/\/www.sbpr.org.br\/radio2019\/programacoes-tecnicas\/","title":{"rendered":"Programa\u00e7\u00f5es T\u00e9cnicas"},"content":{"rendered":"<p><\/p>\n<h2><a href=\"http:\/\/www.sbpr.org.br\/radio2019\/wp-content\/uploads\/2019\/09\/Sess%C3%B5es-Posteres.pdf\">Programa \u2013 Apresenta\u00e7\u00e3o dos Posters &#8211; 14\/09\/2019<\/a><\/h2>\n<p><a href=\"http:\/\/www.sbpr.org.br\/radio2019\/wp-content\/uploads\/2019\/09\/modelo-posterRADIO2019.ppt\">Template Apresenta\u00e7\u00e3o Poster<\/a><\/p>\n<h2><a href=\"http:\/\/www.sbpr.org.br\/radio2019\/wp-content\/uploads\/2019\/09\/Sess%C3%B5es-Orais.pdf\">Programa \u2013 Apresenta\u00e7\u00e3o dos Trabalhos Orais &#8211; 14\/09\/2019<\/a><\/h2>\n<p><a href=\"http:\/\/www.sbpr.org.br\/radio2019\/wp-content\/uploads\/2019\/09\/Template-para-Apresentac\u0327o\u0303es-Orais_RADIO-2019.pptx\">Template Apresenta\u00e7\u00e3o Oral<\/a><\/p>\n<h2>Informa\u00e7\u00f5es do Comit\u00ea Cient\u00edfico<\/h2>\n<p>&nbsp;<\/p>\n<p>1. Na Planilha anexa encontra-se a forma de apresenta\u00e7\u00e3o de cada Resumo Expandido. Ser\u00e3o 10 sess\u00f5es t\u00e9cnicas orais com 5 trabalhos cada. Cada sess\u00e3o ter\u00e1 a dura\u00e7\u00e3o de 20 min e as sess\u00f5es t\u00e9cnicas se estender\u00e3o das 17h00min at\u00e9 \u00e0s 18h40min.<\/p>\n<p>2. Na hip\u00f3tese de um Resumos Expandido n\u00e3o ter nenhum autor para apresent\u00e1-lo na RADIO 2019, um dos autores deve comunicar ao Comit\u00ea Cient\u00edfico (falima@cnen.gov ou falima@globo.com) com a m\u00e1xima urg\u00eancia para permutar com outro trabalho, programado inicialmente para apresenta\u00e7\u00e3o atrav\u00e9s de p\u00f4ster, passando o inicialmente programado para apresenta\u00e7\u00e3o oral para apresenta\u00e7\u00e3o em p\u00f4ster. Assim, evitaremos lacunas nas sess\u00f5es orais.<\/p>\n<p>3. Os Resumos Expandidos na forma de p\u00f4steres est\u00e3o indicados tamb\u00e9m na Programa\u00e7\u00e3o Preliminar anexa. Nela indicamos a forma de apresenta\u00e7\u00e3o de alguns trabalhos por (O\/P). S\u00e3o os Resumos Expandidos que substituir\u00e3o aqueles que n\u00e3o desejam apresent\u00e1-lo oralmente.<\/p>\n<p>4. Mais uma vez, informamos que os trabalhos completos que ser\u00e3o avaliados pelo Comit\u00ea Editorial do BJRS devem ser submetidos na Plataforma do BJRS, onde se encontra o template para publica\u00e7\u00e3o de artigos completos at\u00e9 o dia 20\/09\/2019. Atente que alguns autores est\u00e3o recebendo e-mails n\u00e3o autorizados pelo Comit\u00ea Cient\u00edfico da RADIO 2019 ou do BJRS convidando-os para publicarem os trabalhos num outro peri\u00f3dico que n\u00e3o \u00e9 o da SBPR e cobrando pela publica\u00e7\u00e3o. N\u00e3o avalizamos este convite e at\u00e9 repudiamos por n\u00e3o termos sido consultados. Apresentamos aos autores dos Resumos Expandidos nossas escusas.<\/p>\n<p>Fernando Roberto de Andrade Lima<br \/>\nComit\u00ea Cient\u00edfico da RADIO 2019<\/p>\n<p>&nbsp;<\/p>","protected":false},"excerpt":{"rendered":"<p>Programa \u2013 Apresenta\u00e7\u00e3o dos Posters &#8211; 14\/09\/2019 Template Apresenta\u00e7\u00e3o Poster Programa \u2013 Apresenta\u00e7\u00e3o dos Trabalhos Orais &#8211; 14\/09\/2019 Template Apresenta\u00e7\u00e3o Oral Informa\u00e7\u00f5es do Comit\u00ea Cient\u00edfico &nbsp; 1. Na Planilha anexa encontra-se a forma de apresenta\u00e7\u00e3o de cada Resumo Expandido. Ser\u00e3o 10 sess\u00f5es t\u00e9cnicas orais com 5 trabalhos cada. Cada sess\u00e3o ter\u00e1 a dura\u00e7\u00e3o de 20 &hellip; <\/p>\n<p class=\"link-more\"><a href=\"https:\/\/www.sbpr.org.br\/radio2019\/programacoes-tecnicas\/\" class=\"more-link\">Continue lendo<span class=\"screen-reader-text\"> &#8220;Programa\u00e7\u00f5es T\u00e9cnicas&#8221;<\/span><\/a><\/p>\n","protected":false},"author":1,"featured_media":0,"parent":0,"menu_order":0,"comment_status":"closed","ping_status":"closed","template":"","meta":{"footnotes":""},"class_list":["post-339","page","type-page","status-publish","hentry"],"_links":{"self":[{"href":"https:\/\/www.sbpr.org.br\/radio2019\/wp-json\/wp\/v2\/pages\/339","targetHints":{"allow":["GET"]}}],"collection":[{"href":"https:\/\/www.sbpr.org.br\/radio2019\/wp-json\/wp\/v2\/pages"}],"about":[{"href":"https:\/\/www.sbpr.org.br\/radio2019\/wp-json\/wp\/v2\/types\/page"}],"author":[{"embeddable":true,"href":"https:\/\/www.sbpr.org.br\/radio2019\/wp-json\/wp\/v2\/users\/1"}],"replies":[{"embeddable":true,"href":"https:\/\/www.sbpr.org.br\/radio2019\/wp-json\/wp\/v2\/comments?post=339"}],"version-history":[{"count":12,"href":"https:\/\/www.sbpr.org.br\/radio2019\/wp-json\/wp\/v2\/pages\/339\/revisions"}],"predecessor-version":[{"id":428,"href":"https:\/\/www.sbpr.org.br\/radio2019\/wp-json\/wp\/v2\/pages\/339\/revisions\/428"}],"wp:attachment":[{"href":"https:\/\/www.sbpr.org.br\/radio2019\/wp-json\/wp\/v2\/media?parent=339"}],"curies":[{"name":"wp","href":"https:\/\/api.w.org\/{rel}","templated":true}]}}