{"id":129,"date":"2019-03-30T16:27:19","date_gmt":"2019-03-30T19:27:19","guid":{"rendered":"http:\/\/www.sbpr.org.br\/radio2019\/?page_id=129"},"modified":"2019-09-18T08:09:34","modified_gmt":"2019-09-18T11:09:34","slug":"programacao","status":"publish","type":"page","link":"https:\/\/www.sbpr.org.br\/radio2019\/programacao\/","title":{"rendered":"Programa\u00e7\u00e3o"},"content":{"rendered":"<p><\/p>\n<h1><strong>Baixe tamb\u00e9m a Programa\u00e7\u00e3o T\u00e9cnica do RADIO2019<\/strong><\/h1>\n<p><a href=\"http:\/\/www.sbpr.org.br\/radio2019\/wp-content\/uploads\/2019\/09\/Agenda-Schedule-RADIO-2019-160919.pdf\">Programa\u00e7\u00e3o\u00a0<\/a><\/p>\n<p><a href=\"http:\/\/www.sbpr.org.br\/radio2019\/wp-content\/uploads\/2019\/09\/Tabela-de-participantes-table-participants-160919.pdf\">Tabela de Palestrantes<\/a><\/p>\n<h1><a href=\"http:\/\/www.sbpr.org.br\/radio2019\/programacoes-tecnicas\/\">Programa\u00e7\u00e3o T\u00e9cnica &#8211; ATUALIZADA<\/a><\/h1>\n<p><\/p>","protected":false},"excerpt":{"rendered":"<p>Baixe tamb\u00e9m a Programa\u00e7\u00e3o T\u00e9cnica do RADIO2019 Programa\u00e7\u00e3o\u00a0 Tabela de Palestrantes Programa\u00e7\u00e3o T\u00e9cnica &#8211; ATUALIZADA<\/p>\n","protected":false},"author":1,"featured_media":0,"parent":0,"menu_order":0,"comment_status":"closed","ping_status":"closed","template":"","meta":{"footnotes":""},"class_list":["post-129","page","type-page","status-publish","hentry"],"_links":{"self":[{"href":"https:\/\/www.sbpr.org.br\/radio2019\/wp-json\/wp\/v2\/pages\/129","targetHints":{"allow":["GET"]}}],"collection":[{"href":"https:\/\/www.sbpr.org.br\/radio2019\/wp-json\/wp\/v2\/pages"}],"about":[{"href":"https:\/\/www.sbpr.org.br\/radio2019\/wp-json\/wp\/v2\/types\/page"}],"author":[{"embeddable":true,"href":"https:\/\/www.sbpr.org.br\/radio2019\/wp-json\/wp\/v2\/users\/1"}],"replies":[{"embeddable":true,"href":"https:\/\/www.sbpr.org.br\/radio2019\/wp-json\/wp\/v2\/comments?post=129"}],"version-history":[{"count":32,"href":"https:\/\/www.sbpr.org.br\/radio2019\/wp-json\/wp\/v2\/pages\/129\/revisions"}],"predecessor-version":[{"id":434,"href":"https:\/\/www.sbpr.org.br\/radio2019\/wp-json\/wp\/v2\/pages\/129\/revisions\/434"}],"wp:attachment":[{"href":"https:\/\/www.sbpr.org.br\/radio2019\/wp-json\/wp\/v2\/media?parent=129"}],"curies":[{"name":"wp","href":"https:\/\/api.w.org\/{rel}","templated":true}]}}