{"id":8,"date":"2019-03-12T11:56:39","date_gmt":"2019-03-12T14:56:39","guid":{"rendered":"http:\/\/www.sbpr.org.br\/radio2019\/?page_id=8"},"modified":"2019-08-01T11:56:06","modified_gmt":"2019-08-01T14:56:06","slug":"pagina-inicial","status":"publish","type":"page","link":"https:\/\/www.sbpr.org.br\/radio2019\/es\/","title":{"rendered":"Home"},"content":{"rendered":"<p><\/p>\n<h1 style=\"text-align: center;\">Estimados autores, el flujo de correcci\u00f3n de los res\u00famenes expandidos contin\u00faa, y la presentaci\u00f3n del art\u00edculo completo tendr\u00e1 lugar en la etapa de evaluaci\u00f3n de su resumen expandido ya presentado. Est\u00e1 disponible en su \u00e1rea restringida de la revista BJRS. Vaya a rese\u00f1as y env\u00edenos su art\u00edculo completo. \u00a1NO NECESITA HACER UNA NUEVA PRESENTACI\u00d3N!<\/h1>\n<h1 style=\"text-align: center;\"><strong>Descarga nuestra aplicaci\u00f3n ahora y mantente al tanto de la programaci\u00f3n<\/strong><\/h1>\n<p>&nbsp;<\/p>\n<table class=\"tg\">\n<tbody>\n<tr>\n<th class=\"tg-cly1\"><img loading=\"lazy\" decoding=\"async\" class=\"aligncenter wp-image-293 size-thumbnail\" src=\"http:\/\/www.sbpr.org.br\/radio2019\/wp-content\/uploads\/2019\/07\/url-android-150x150.png\" alt=\"\" width=\"150\" height=\"150\" srcset=\"https:\/\/www.sbpr.org.br\/radio2019\/wp-content\/uploads\/2019\/07\/url-android-150x150.png 150w, https:\/\/www.sbpr.org.br\/radio2019\/wp-content\/uploads\/2019\/07\/url-android-100x100.png 100w, https:\/\/www.sbpr.org.br\/radio2019\/wp-content\/uploads\/2019\/07\/url-android.png 168w\" sizes=\"auto, (max-width: 150px) 100vw, 150px\" \/><\/th>\n<th class=\"tg-cly1\"><img loading=\"lazy\" decoding=\"async\" class=\"aligncenter wp-image-294 size-thumbnail\" src=\"http:\/\/www.sbpr.org.br\/radio2019\/wp-content\/uploads\/2019\/07\/url-apple-150x150.png\" alt=\"\" width=\"150\" height=\"150\" srcset=\"https:\/\/www.sbpr.org.br\/radio2019\/wp-content\/uploads\/2019\/07\/url-apple-150x150.png 150w, https:\/\/www.sbpr.org.br\/radio2019\/wp-content\/uploads\/2019\/07\/url-apple-100x100.png 100w\" sizes=\"auto, (max-width: 150px) 100vw, 150px\" \/><\/th>\n<\/tr>\n<tr>\n<td class=\"tg-0lax\" style=\"text-align: center;\"><a href=\"https:\/\/play.google.com\/store\/apps\/details?id=br.com.lpt4.radio2019\"><img loading=\"lazy\" decoding=\"async\" class=\"alignnone wp-image-296\" src=\"http:\/\/www.sbpr.org.br\/radio2019\/wp-content\/uploads\/2019\/07\/Android-app-logo-300x113.png\" alt=\"\" width=\"170\" height=\"64\" srcset=\"https:\/\/www.sbpr.org.br\/radio2019\/wp-content\/uploads\/2019\/07\/Android-app-logo-300x113.png 300w, https:\/\/www.sbpr.org.br\/radio2019\/wp-content\/uploads\/2019\/07\/Android-app-logo.png 546w\" sizes=\"auto, (max-width: 170px) 100vw, 170px\" \/><\/a><\/td>\n<td class=\"tg-0lax\" style=\"text-align: center;\"><a href=\"https:\/\/apps.apple.com\/br\/app\/radio-2019\/id1463222100\"><img loading=\"lazy\" decoding=\"async\" class=\"alignnone wp-image-301\" src=\"http:\/\/www.sbpr.org.br\/radio2019\/wp-content\/uploads\/2019\/07\/app-store-download-300x89.png\" alt=\"\" width=\"195\" height=\"58\" srcset=\"https:\/\/www.sbpr.org.br\/radio2019\/wp-content\/uploads\/2019\/07\/app-store-download-300x89.png 300w, https:\/\/www.sbpr.org.br\/radio2019\/wp-content\/uploads\/2019\/07\/app-store-download-768x227.png 768w, https:\/\/www.sbpr.org.br\/radio2019\/wp-content\/uploads\/2019\/07\/app-store-download.png 888w\" sizes=\"auto, (max-width: 195px) 100vw, 195px\" \/><\/a><\/td>\n<\/tr>\n<\/tbody>\n<\/table>\n<p>&nbsp;<\/p>","protected":false},"excerpt":{"rendered":"<p>Estimados autores, el flujo de correcci\u00f3n de los res\u00famenes expandidos contin\u00faa, y la presentaci\u00f3n del art\u00edculo completo tendr\u00e1 lugar en la etapa de evaluaci\u00f3n de su resumen expandido ya presentado. Est\u00e1 disponible en su \u00e1rea restringida de la revista BJRS. Vaya a rese\u00f1as y env\u00edenos su art\u00edculo completo. \u00a1NO NECESITA HACER UNA NUEVA PRESENTACI\u00d3N! Descarga &hellip; <\/p>\n<p class=\"link-more\"><a href=\"https:\/\/www.sbpr.org.br\/radio2019\/es\/\" class=\"more-link\">Continuar leyendo<span class=\"screen-reader-text\"> \u00abHome\u00bb<\/span><\/a><\/p>\n","protected":false},"author":1,"featured_media":0,"parent":0,"menu_order":0,"comment_status":"closed","ping_status":"closed","template":"","meta":{"footnotes":""},"class_list":["post-8","page","type-page","status-publish","hentry"],"_links":{"self":[{"href":"https:\/\/www.sbpr.org.br\/radio2019\/es\/wp-json\/wp\/v2\/pages\/8","targetHints":{"allow":["GET"]}}],"collection":[{"href":"https:\/\/www.sbpr.org.br\/radio2019\/es\/wp-json\/wp\/v2\/pages"}],"about":[{"href":"https:\/\/www.sbpr.org.br\/radio2019\/es\/wp-json\/wp\/v2\/types\/page"}],"author":[{"embeddable":true,"href":"https:\/\/www.sbpr.org.br\/radio2019\/es\/wp-json\/wp\/v2\/users\/1"}],"replies":[{"embeddable":true,"href":"https:\/\/www.sbpr.org.br\/radio2019\/es\/wp-json\/wp\/v2\/comments?post=8"}],"version-history":[{"count":14,"href":"https:\/\/www.sbpr.org.br\/radio2019\/es\/wp-json\/wp\/v2\/pages\/8\/revisions"}],"predecessor-version":[{"id":319,"href":"https:\/\/www.sbpr.org.br\/radio2019\/es\/wp-json\/wp\/v2\/pages\/8\/revisions\/319"}],"wp:attachment":[{"href":"https:\/\/www.sbpr.org.br\/radio2019\/es\/wp-json\/wp\/v2\/media?parent=8"}],"curies":[{"name":"wp","href":"https:\/\/api.w.org\/{rel}","templated":true}]}}