{"id":55,"date":"2019-03-14T10:53:07","date_gmt":"2019-03-14T13:53:07","guid":{"rendered":"http:\/\/www.sbpr.org.br\/radio2019\/?page_id=55"},"modified":"2019-06-06T18:28:09","modified_gmt":"2019-06-06T21:28:09","slug":"comite","status":"publish","type":"page","link":"https:\/\/www.sbpr.org.br\/radio2019\/es\/comite\/","title":{"rendered":"Comit\u00e9"},"content":{"rendered":"<p><\/p>\n<h1 style=\"text-align: center;\"><strong>Comit\u00e9<\/strong><\/h1>\n<p><strong>Presidente de la SBPR: <\/strong>Marcos Antonio do Amaral<br \/>\n<strong>Presidente Honorario:<\/strong> Fernando Roberto de Andrade Lima<br \/>\n<strong>Coordinador de Relaciones Internacionales: <\/strong>Walter Truppa<br \/>\n<strong>Secretarios Generales<\/strong>\u00a0Bruno Estanqueira Pinho (ELETRONUCLEAR) e Rochelle Lykawka (HCPA)<br \/>\n<strong>Tesorero:<\/strong> Adriano Goulart (NUCLEORAD)<\/p>\n<p><strong>VI Brazilian Congress of Radiological Protection <\/strong><br \/>\n<strong>Presidente:<\/strong> Wilson Calvo (IPEN\/SP)<br \/>\n<strong>Vice:<\/strong> Adelia Sahyun (IPEN\/SP)<\/p>\n<p><strong>VI Congress of radiation protection of Portuguese-speaking countries <\/strong><br \/>\n<strong>Presidente:<\/strong> Luis Neves (Universidade de Coimbra)<br \/>\n<strong>Vice:<\/strong> Renato Di Prinzio (IRD\/CNEN)<\/p>\n<p><strong>VII International Congress of industrial radioprotection <\/strong><br \/>\n<strong>Presidente:<\/strong> Joao Conte (ABENDI)<br \/>\n<strong>Vice:<\/strong> Bruno Estanqueira Pinho (ELETRONUCLEAR)<\/p>\n<p><strong>V Simp\u00f3sio Sul-brasileiro de F\u00edsica M\u00e9dica<\/strong><br \/>\n<strong>Presidente:<\/strong> Marcel Zago Botelho (ABFM)<br \/>\n<strong>Vice:<\/strong> Alexandre Bacelar (HCPA\/UFRGS)<\/p>\n<h1 style=\"text-align: center;\"><strong>Comit\u00ea Cient\u00edfico<\/strong><\/h1>\n<p><strong>Coordena\u00e7\u00e3o do Comit\u00ea Cient\u00edfico:\u00a0<\/strong>Wilson Calvo (IPEN) y Ad\u00e9lia Sahyun (SBPR)<\/p>\n<p><strong>Sess\u00f5es T\u00e9cnicas Orais e P\u00f4steres: <\/strong>Bernardo Maranh\u00e3o Dantas (CNEN\/IRD) e Eudice Correia Vilela (CNEN\/CRCN-NE).<\/p>\n<p><strong>Mesas, Palestras e Cursos: <\/strong>Bruno Estanqueira Pinho (Eletronuclear) e Rochelle Lykawka (HC\/UFRGS)<\/p>","protected":false},"excerpt":{"rendered":"<p>Comit\u00e9 Presidente de la SBPR: Marcos Antonio do Amaral Presidente Honorario: Fernando Roberto de Andrade Lima Coordinador de Relaciones Internacionales: Walter Truppa Secretarios Generales\u00a0Bruno Estanqueira Pinho (ELETRONUCLEAR) e Rochelle Lykawka (HCPA) Tesorero: Adriano Goulart (NUCLEORAD) VI Brazilian Congress of Radiological Protection Presidente: Wilson Calvo (IPEN\/SP) Vice: Adelia Sahyun (IPEN\/SP) VI Congress of radiation protection of &hellip; <\/p>\n<p class=\"link-more\"><a href=\"https:\/\/www.sbpr.org.br\/radio2019\/es\/comite\/\" class=\"more-link\">Continuar leyendo<span class=\"screen-reader-text\"> \u00abComit\u00e9\u00bb<\/span><\/a><\/p>\n","protected":false},"author":1,"featured_media":181,"parent":0,"menu_order":0,"comment_status":"closed","ping_status":"closed","template":"","meta":{"footnotes":""},"class_list":["post-55","page","type-page","status-publish","has-post-thumbnail","hentry"],"_links":{"self":[{"href":"https:\/\/www.sbpr.org.br\/radio2019\/es\/wp-json\/wp\/v2\/pages\/55","targetHints":{"allow":["GET"]}}],"collection":[{"href":"https:\/\/www.sbpr.org.br\/radio2019\/es\/wp-json\/wp\/v2\/pages"}],"about":[{"href":"https:\/\/www.sbpr.org.br\/radio2019\/es\/wp-json\/wp\/v2\/types\/page"}],"author":[{"embeddable":true,"href":"https:\/\/www.sbpr.org.br\/radio2019\/es\/wp-json\/wp\/v2\/users\/1"}],"replies":[{"embeddable":true,"href":"https:\/\/www.sbpr.org.br\/radio2019\/es\/wp-json\/wp\/v2\/comments?post=55"}],"version-history":[{"count":22,"href":"https:\/\/www.sbpr.org.br\/radio2019\/es\/wp-json\/wp\/v2\/pages\/55\/revisions"}],"predecessor-version":[{"id":192,"href":"https:\/\/www.sbpr.org.br\/radio2019\/es\/wp-json\/wp\/v2\/pages\/55\/revisions\/192"}],"wp:featuredmedia":[{"embeddable":true,"href":"https:\/\/www.sbpr.org.br\/radio2019\/es\/wp-json\/wp\/v2\/media\/181"}],"wp:attachment":[{"href":"https:\/\/www.sbpr.org.br\/radio2019\/es\/wp-json\/wp\/v2\/media?parent=55"}],"curies":[{"name":"wp","href":"https:\/\/api.w.org\/{rel}","templated":true}]}}