{"id":43,"date":"2019-03-14T10:25:59","date_gmt":"2019-03-14T13:25:59","guid":{"rendered":"http:\/\/www.sbpr.org.br\/radio2019\/?page_id=43"},"modified":"2019-06-06T11:18:30","modified_gmt":"2019-06-06T14:18:30","slug":"local","status":"publish","type":"page","link":"https:\/\/www.sbpr.org.br\/radio2019\/es\/local\/","title":{"rendered":"Local"},"content":{"rendered":"<p>Avenida Lineu Prestes, 2242<br \/>\nCidade Universit\u00e1ria<br \/>\nS\u00e3o Paulo &#8211; SP<br \/>\nCEP 05508-000<\/p>\n<p>Otras informaciones sobre RESERVAS Y PAQUETES<\/p>\n<p><a href=\"https:\/\/cesutour.com.br\/contato\">CLICK AQU\u00cd<\/a><\/p>","protected":false},"excerpt":{"rendered":"<p>Avenida Lineu Prestes, 2242 Cidade Universit\u00e1ria S\u00e3o Paulo &#8211; SP CEP 05508-000 Otras informaciones sobre RESERVAS Y PAQUETES CLICK AQU\u00cd<\/p>\n","protected":false},"author":1,"featured_media":185,"parent":0,"menu_order":0,"comment_status":"closed","ping_status":"closed","template":"","meta":{"footnotes":""},"class_list":["post-43","page","type-page","status-publish","has-post-thumbnail","hentry"],"_links":{"self":[{"href":"https:\/\/www.sbpr.org.br\/radio2019\/es\/wp-json\/wp\/v2\/pages\/43","targetHints":{"allow":["GET"]}}],"collection":[{"href":"https:\/\/www.sbpr.org.br\/radio2019\/es\/wp-json\/wp\/v2\/pages"}],"about":[{"href":"https:\/\/www.sbpr.org.br\/radio2019\/es\/wp-json\/wp\/v2\/types\/page"}],"author":[{"embeddable":true,"href":"https:\/\/www.sbpr.org.br\/radio2019\/es\/wp-json\/wp\/v2\/users\/1"}],"replies":[{"embeddable":true,"href":"https:\/\/www.sbpr.org.br\/radio2019\/es\/wp-json\/wp\/v2\/comments?post=43"}],"version-history":[{"count":12,"href":"https:\/\/www.sbpr.org.br\/radio2019\/es\/wp-json\/wp\/v2\/pages\/43\/revisions"}],"predecessor-version":[{"id":176,"href":"https:\/\/www.sbpr.org.br\/radio2019\/es\/wp-json\/wp\/v2\/pages\/43\/revisions\/176"}],"wp:featuredmedia":[{"embeddable":true,"href":"https:\/\/www.sbpr.org.br\/radio2019\/es\/wp-json\/wp\/v2\/media\/185"}],"wp:attachment":[{"href":"https:\/\/www.sbpr.org.br\/radio2019\/es\/wp-json\/wp\/v2\/media?parent=43"}],"curies":[{"name":"wp","href":"https:\/\/api.w.org\/{rel}","templated":true}]}}