{"id":40,"date":"2019-03-14T10:23:41","date_gmt":"2019-03-14T13:23:41","guid":{"rendered":"http:\/\/www.sbpr.org.br\/radio2019\/?page_id=40"},"modified":"2019-09-25T20:08:16","modified_gmt":"2019-09-25T23:08:16","slug":"datas-importantes","status":"publish","type":"page","link":"https:\/\/www.sbpr.org.br\/radio2019\/es\/datas-importantes\/","title":{"rendered":"Fechas Importantes e Res\u00famen"},"content":{"rendered":"<p><\/p>\n<h1><strong>Datas Importantes<\/strong><\/h1>\n<p><strong>17 de junio de 2019:<\/strong> Presentaci\u00f3n de los Res\u00famenes Expandida de acuerdo con el template<\/p>\n<p><strong>28 de junio de 2019:<\/strong> Comunicaci\u00f3n de soporte del Resumen Expandido<\/p>\n<p><strong>30 de septiembre de 2019:<\/strong> Sumisi\u00f3n del Art\u00edculo Completo.<\/p>\n<p><strong>16 a 20 de septiembre de 2019:<\/strong> Realizaci\u00f3n de la RADIO 2019.<\/p>\n<h1><strong>Normas para los trabajos de la RADIO 2019 <\/strong><\/h1>\n<p>1. Los trabajos se seleccionar\u00e1n \u00fanicamente en funci\u00f3n de los res\u00famenes ampliados de un m\u00e1ximo de dos p\u00e1ginas. El modelo (Template) se encuentra en el sitio del evento (<a href=\"http:\/\/www.sbpr.org.br\/radio2019\/wp-content\/uploads\/2019\/03\/Template-Resumo-expandido-IJC-Radio-2019-07-02-2019.doc\">download aqu\u00ed<\/a>).<\/p>\n<p>2. Los Res\u00famenes Expandidos ser\u00e1n sometidos, v\u00eda sitio del BJRS. Ya est\u00e1 abierto en el sitio del peri\u00f3dico el espacio reservado para este evento &#8211; Res\u00famenes Expandidos. Este sitio con los Res\u00famenes Aceptados constituir\u00e1n los Proceedings de la RADIO 2019 y estar\u00e1n disponibles en el sitio del evento y en el APP que estar\u00e1 disponible para todos los participantes del evento.<\/p>\n<p>3. Los trabajos completos ser\u00e1n sometidos en el formato del BJRS y ser\u00e1n analizados por dos evaluadores (formados por los revisores oficiales del BJRS y por algunos m\u00e1s acreditados por el Comit\u00e9 Cient\u00edfico &#8211; <a href=\"http:\/\/www.sbpr.org.br\/radio2019\/wp-content\/uploads\/2019\/08\/Template-BJRS-Espa\u00f1ol-2019.docx\">download aqu\u00ed<\/a>). El n\u00famero de trabajos contemplados para publicaci\u00f3n ser\u00e1 definido por el Comit\u00e9 Cient\u00edfico entre aquellos aprobados por las Revisores.<\/p>\n<p>4. Para la presentaci\u00f3n del art\u00edculo completo es necesario acceder al \u00e1rea exclusiva del autor y continuar la presentaci\u00f3n del documento como otro paso de evaluaci\u00f3n del resumen expandido, que requiere solo la carga del documento completo.<\/p>\n<p>5. Los trabajos a ser presentados en las sesiones orales ser\u00e1n seleccionados por el Comit\u00e9 Cient\u00edfico y evaluados de la misma forma que fue utilizada en la RADIO 2017, a efectos de premiaci\u00f3n. Aquellos a ser presentados en forma de p\u00f3sters tambi\u00e9n ser\u00e1n evaluados de forma semejante a la que fue hecha durante la RADIO 2017 para efecto de premiaci\u00f3n. Los evaluadores de esta etapa de evaluaci\u00f3n para premiaci\u00f3n tambi\u00e9n ser\u00e1n indicados por el Comit\u00e9 Cient\u00edfico.<\/p>\n<h1><strong>Temas Principales<\/strong><\/h1>\n<p>1. Seguridad Radiol\u00f3gica y Protecci\u00f3n Radiol\u00f3gica Ocupacional y Ambiental en:<br \/>\n1.1. Instalaciones Industriales<br \/>\n1.2. Instalaciones M\u00e9dicas<br \/>\n1.2.1 Radiodiagn\u00f3stico<br \/>\n1.2.2 Radioterapia<br \/>\n1.2.3 Medicina Nuclear<br \/>\n1.2.4 Radiolog\u00eda Intervencionista<br \/>\n1.3. Instalaciones Minero-Industriales y de Extracci\u00f3n de Petr\u00f3leo y Gas<br \/>\n1.4. Aplicaciones de T\u00e9cnicas Nucleares en la Investigaci\u00f3n<br \/>\n2. Seguridad Nuclear y Protecci\u00f3n Radiol\u00f3gica Ocupacional y Ambiental en:<br \/>\n2.1. Usinas Nucleoel\u00e9ctricas<br \/>\n2.2. Reactores Nucleares de Investigaci\u00f3n<br \/>\n2.3. Instalaciones del Ciclo del Combustible Nuclear<br \/>\n3. Efectos biol\u00f3gicos de las radiaciones ionizantes<br \/>\n4. Protecci\u00f3n Radiol\u00f3gica del paciente<br \/>\n5. Metrolog\u00eda de las Radiaciones Ionizantes<br \/>\n6. Dosimetr\u00eda e Instrumentaci\u00f3n Nuclear<br \/>\n7. Transporte de material radioactivo<br \/>\n8. Gerencia de los residuos radioactivos<br \/>\n9. Protecci\u00f3n F\u00edsica y Salvaguardias<br \/>\n10. Emergencias Radiol\u00f3gicas y Nucleares<br \/>\n10.1 Lecciones aprendidas en accidentes radiol\u00f3gicos y nucleares<br \/>\n10.2 Preparaci\u00f3n y respuesta a las amenazas maliciosas en centros urbanos de grandes poblaciones<br \/>\n10.3 Preparaci\u00f3n y Respuesta a Emergencias en Reactores Nucleares de Investigaci\u00f3n y de Potencia<br \/>\n11. Educaci\u00f3n y Comunicaci\u00f3n<br \/>\n11.1 Comunicaci\u00f3n del riesgo e informaci\u00f3n<br \/>\n11.2 Entrenamiento y Formaci\u00f3n de Recursos Humanos<br \/>\n12. Legislaci\u00f3n y Normas en las Aplicaciones<br \/>\n13. Protecci\u00f3n contra Radiaciones No Ionizantes<br \/>\n14. Gesti\u00f3n de riesgos<br \/>\n15. Radioactividad natural<\/p>\n<h1><strong>Sumisi\u00f3n del resumen <\/strong><\/h1>\n<p>La sumisi\u00f3n del resumen expandido se realizar\u00e1 en la plataforma de la Revista BJRS y deber\u00e1 constar TODOS los autores involucrados, as\u00ed como ser encuadrado en la secci\u00f3n \u00abRADIO2019\u00bb.<\/p>\n<p>La p\u00e1gina de sumisi\u00f3n se encuentra disponible <a href=\"https:\/\/www.bjrs.org.br\/revista\/index.php\/REVISTA\/about\/submissions#onlineSubmissions\">aqu\u00ed<\/a>.<\/p>","protected":false},"excerpt":{"rendered":"<p>Datas Importantes 17 de junio de 2019: Presentaci\u00f3n de los Res\u00famenes Expandida de acuerdo con el template 28 de junio de 2019: Comunicaci\u00f3n de soporte del Resumen Expandido 30 de septiembre de 2019: Sumisi\u00f3n del Art\u00edculo Completo. 16 a 20 de septiembre de 2019: Realizaci\u00f3n de la RADIO 2019. Normas para los trabajos de la &hellip; <\/p>\n<p class=\"link-more\"><a href=\"https:\/\/www.sbpr.org.br\/radio2019\/es\/datas-importantes\/\" class=\"more-link\">Continuar leyendo<span class=\"screen-reader-text\"> \u00abFechas Importantes e Res\u00famen\u00bb<\/span><\/a><\/p>\n","protected":false},"author":1,"featured_media":183,"parent":0,"menu_order":0,"comment_status":"closed","ping_status":"closed","template":"","meta":{"footnotes":""},"class_list":["post-40","page","type-page","status-publish","has-post-thumbnail","hentry"],"_links":{"self":[{"href":"https:\/\/www.sbpr.org.br\/radio2019\/es\/wp-json\/wp\/v2\/pages\/40","targetHints":{"allow":["GET"]}}],"collection":[{"href":"https:\/\/www.sbpr.org.br\/radio2019\/es\/wp-json\/wp\/v2\/pages"}],"about":[{"href":"https:\/\/www.sbpr.org.br\/radio2019\/es\/wp-json\/wp\/v2\/types\/page"}],"author":[{"embeddable":true,"href":"https:\/\/www.sbpr.org.br\/radio2019\/es\/wp-json\/wp\/v2\/users\/1"}],"replies":[{"embeddable":true,"href":"https:\/\/www.sbpr.org.br\/radio2019\/es\/wp-json\/wp\/v2\/comments?post=40"}],"version-history":[{"count":28,"href":"https:\/\/www.sbpr.org.br\/radio2019\/es\/wp-json\/wp\/v2\/pages\/40\/revisions"}],"predecessor-version":[{"id":436,"href":"https:\/\/www.sbpr.org.br\/radio2019\/es\/wp-json\/wp\/v2\/pages\/40\/revisions\/436"}],"wp:featuredmedia":[{"embeddable":true,"href":"https:\/\/www.sbpr.org.br\/radio2019\/es\/wp-json\/wp\/v2\/media\/183"}],"wp:attachment":[{"href":"https:\/\/www.sbpr.org.br\/radio2019\/es\/wp-json\/wp\/v2\/media?parent=40"}],"curies":[{"name":"wp","href":"https:\/\/api.w.org\/{rel}","templated":true}]}}