{"id":339,"date":"2019-08-21T12:41:23","date_gmt":"2019-08-21T15:41:23","guid":{"rendered":"http:\/\/www.sbpr.org.br\/radio2019\/?page_id=339"},"modified":"2019-09-14T12:35:13","modified_gmt":"2019-09-14T15:35:13","slug":"programacoes-tecnicas","status":"publish","type":"page","link":"https:\/\/www.sbpr.org.br\/radio2019\/es\/programacoes-tecnicas\/","title":{"rendered":"Programaci\u00f3n T\u00e9cnica"},"content":{"rendered":"<p><\/p>\n<h2><a href=\"http:\/\/www.sbpr.org.br\/radio2019\/wp-content\/uploads\/2019\/09\/Sess%C3%B5es-Posteres.pdf\">Programa \u2013 Presentaci\u00f3n del p\u00f3ster &#8211; 14\/09\/2019<\/a><\/h2>\n<p><a href=\"http:\/\/www.sbpr.org.br\/radio2019\/wp-content\/uploads\/2019\/09\/modelo-posterRADIO2019.ppt\">Template Presentaci\u00f3n del P\u00f3ster<\/a><\/p>\n<h2><a href=\"http:\/\/www.sbpr.org.br\/radio2019\/wp-content\/uploads\/2019\/09\/Sess%C3%B5es-Orais.pdf\">Programa \u2013 Presentaci\u00f3n de trabajos orales &#8211; 14\/09\/2019<\/a><\/h2>\n<p><a href=\"http:\/\/www.sbpr.org.br\/radio2019\/wp-content\/uploads\/2019\/09\/Template-para-Apresentac\u0327o\u0303es-Orais_RADIO-2019.pptx\">Template Presentaci\u00f3n de trabajos orales<\/a><\/p>\n<h2>Informaci\u00f3n del comit\u00e9 cient\u00edfico<\/h2>\n<p>&nbsp;<\/p>\n<p>1. En la hoja de c\u00e1lculo adjunta encontrar\u00e1 el formulario de presentaci\u00f3n de cada resumen expandido. Habr\u00e1 10 sesiones t\u00e9cnicas orales con 5 trabajos cada una. Cada sesi\u00f3n durar\u00e1 20 minutos y las sesiones t\u00e9cnicas durar\u00e1n de 17h00 a 18h40min.<\/p>\n<p>2. En caso de que los res\u00famenes expandidos no tengan un autor para enviarlo a RADIO 2019, uno de los autores debe informar al Comit\u00e9 Cient\u00edfico (falima@cnen.gov o falima@globo.com) con urgencia para intercambiar con otro trabajo. , inicialmente programado para presentaci\u00f3n de p\u00f3ster, e inicialmente programado para presentaci\u00f3n oral para presentaci\u00f3n de p\u00f3ster. Esto evitar\u00e1 lagunas en las sesiones orales.<\/p>\n<p>3. Los res\u00famenes ampliados en forma de carteles tambi\u00e9n se indican en el Anexo preliminar adjunto. En \u00e9l indicamos la presentaci\u00f3n de algunos trabajos de (O \/ P). Son los res\u00famenes expandidos los que reemplazar\u00e1n a aquellos que no desean presentarlo oralmente.<\/p>\n<p>4. Una vez m\u00e1s, le informamos que los trabajos completos que ser\u00e1n evaluados por el Comit\u00e9 Editorial de BJRS deben presentarse en la Plataforma BJRS, donde la plantilla para la publicaci\u00f3n de los trabajos completos estar\u00e1 disponible antes del 20\/09\/2019. Tenga en cuenta que algunos autores reciben correos electr\u00f3nicos no autorizados por RADIO 2019 o el Comit\u00e9 Cient\u00edfico de BJRS invit\u00e1ndolos a publicar su trabajo en una revista que no sea SBPR y cobrando por la publicaci\u00f3n. No respaldamos esta invitaci\u00f3n e incluso la rechazamos por no ser consultados. Presentamos a los autores de los res\u00famenes expandidos nuestras excusas.<\/p>\n<p>Fernando Roberto de Andrade Lima<br \/>\nComit\u00e9 Cient\u00edfico RADIO 2019<\/p>","protected":false},"excerpt":{"rendered":"<p>Programa \u2013 Presentaci\u00f3n del p\u00f3ster &#8211; 14\/09\/2019 Template Presentaci\u00f3n del P\u00f3ster Programa \u2013 Presentaci\u00f3n de trabajos orales &#8211; 14\/09\/2019 Template Presentaci\u00f3n de trabajos orales Informaci\u00f3n del comit\u00e9 cient\u00edfico &nbsp; 1. En la hoja de c\u00e1lculo adjunta encontrar\u00e1 el formulario de presentaci\u00f3n de cada resumen expandido. Habr\u00e1 10 sesiones t\u00e9cnicas orales con 5 trabajos cada una. &hellip; <\/p>\n<p class=\"link-more\"><a href=\"https:\/\/www.sbpr.org.br\/radio2019\/es\/programacoes-tecnicas\/\" class=\"more-link\">Continuar leyendo<span class=\"screen-reader-text\"> \u00abProgramaci\u00f3n T\u00e9cnica\u00bb<\/span><\/a><\/p>\n","protected":false},"author":1,"featured_media":0,"parent":0,"menu_order":0,"comment_status":"closed","ping_status":"closed","template":"","meta":{"footnotes":""},"class_list":["post-339","page","type-page","status-publish","hentry"],"_links":{"self":[{"href":"https:\/\/www.sbpr.org.br\/radio2019\/es\/wp-json\/wp\/v2\/pages\/339","targetHints":{"allow":["GET"]}}],"collection":[{"href":"https:\/\/www.sbpr.org.br\/radio2019\/es\/wp-json\/wp\/v2\/pages"}],"about":[{"href":"https:\/\/www.sbpr.org.br\/radio2019\/es\/wp-json\/wp\/v2\/types\/page"}],"author":[{"embeddable":true,"href":"https:\/\/www.sbpr.org.br\/radio2019\/es\/wp-json\/wp\/v2\/users\/1"}],"replies":[{"embeddable":true,"href":"https:\/\/www.sbpr.org.br\/radio2019\/es\/wp-json\/wp\/v2\/comments?post=339"}],"version-history":[{"count":12,"href":"https:\/\/www.sbpr.org.br\/radio2019\/es\/wp-json\/wp\/v2\/pages\/339\/revisions"}],"predecessor-version":[{"id":428,"href":"https:\/\/www.sbpr.org.br\/radio2019\/es\/wp-json\/wp\/v2\/pages\/339\/revisions\/428"}],"wp:attachment":[{"href":"https:\/\/www.sbpr.org.br\/radio2019\/es\/wp-json\/wp\/v2\/media?parent=339"}],"curies":[{"name":"wp","href":"https:\/\/api.w.org\/{rel}","templated":true}]}}