{"id":123,"date":"2019-03-30T16:19:09","date_gmt":"2019-03-30T19:19:09","guid":{"rendered":"http:\/\/www.sbpr.org.br\/radio2019\/?page_id=123"},"modified":"2019-08-12T10:14:54","modified_gmt":"2019-08-12T13:14:54","slug":"download","status":"publish","type":"page","link":"https:\/\/www.sbpr.org.br\/radio2019\/es\/download\/","title":{"rendered":"Download"},"content":{"rendered":"<p><a href=\"http:\/\/www.sbpr.org.br\/radio2019\/wp-content\/uploads\/2019\/03\/BANNER-IMPRESS\u00c3O.png\"><br \/>\nBanner para la impresi\u00f3n y divulgaci\u00f3n del IJC-RADIO2019<\/a><\/p>\n<p><a href=\"http:\/\/www.sbpr.org.br\/radio2019\/wp-content\/uploads\/2019\/03\/Template-Resumo-expandido-IJC-Radio-2019-07-02-2019.doc\">Plantilla &#8211; Resumen ampliado &#8211; IJC-RADIO2019<\/a><\/p>\n<p><a href=\"http:\/\/www.sbpr.org.br\/radio2019\/wp-content\/uploads\/2019\/08\/RADIO2019-PTBR.pdf\">Invitaci\u00f3n &#8211; IJC-RADIO2019<\/a><\/p>","protected":false},"excerpt":{"rendered":"<p>Banner para la impresi\u00f3n y divulgaci\u00f3n del IJC-RADIO2019 Plantilla &#8211; Resumen ampliado &#8211; IJC-RADIO2019 Invitaci\u00f3n &#8211; IJC-RADIO2019<\/p>\n","protected":false},"author":1,"featured_media":0,"parent":0,"menu_order":0,"comment_status":"closed","ping_status":"closed","template":"","meta":{"footnotes":""},"class_list":["post-123","page","type-page","status-publish","hentry"],"_links":{"self":[{"href":"https:\/\/www.sbpr.org.br\/radio2019\/es\/wp-json\/wp\/v2\/pages\/123","targetHints":{"allow":["GET"]}}],"collection":[{"href":"https:\/\/www.sbpr.org.br\/radio2019\/es\/wp-json\/wp\/v2\/pages"}],"about":[{"href":"https:\/\/www.sbpr.org.br\/radio2019\/es\/wp-json\/wp\/v2\/types\/page"}],"author":[{"embeddable":true,"href":"https:\/\/www.sbpr.org.br\/radio2019\/es\/wp-json\/wp\/v2\/users\/1"}],"replies":[{"embeddable":true,"href":"https:\/\/www.sbpr.org.br\/radio2019\/es\/wp-json\/wp\/v2\/comments?post=123"}],"version-history":[{"count":4,"href":"https:\/\/www.sbpr.org.br\/radio2019\/es\/wp-json\/wp\/v2\/pages\/123\/revisions"}],"predecessor-version":[{"id":326,"href":"https:\/\/www.sbpr.org.br\/radio2019\/es\/wp-json\/wp\/v2\/pages\/123\/revisions\/326"}],"wp:attachment":[{"href":"https:\/\/www.sbpr.org.br\/radio2019\/es\/wp-json\/wp\/v2\/media?parent=123"}],"curies":[{"name":"wp","href":"https:\/\/api.w.org\/{rel}","templated":true}]}}