{"id":207,"date":"2019-06-25T08:56:59","date_gmt":"2019-06-25T11:56:59","guid":{"rendered":"http:\/\/www.sbpr.org.br\/radio2019\/?page_id=207"},"modified":"2019-06-25T08:56:59","modified_gmt":"2019-06-25T11:56:59","slug":"agencia-de-turimos","status":"publish","type":"page","link":"https:\/\/www.sbpr.org.br\/radio2019\/en\/agencia-de-turimos\/","title":{"rendered":"Tourism Agency"},"content":{"rendered":"<p><\/p>\n<p style=\"font-weight: 400;\"><strong>AG\u00caNCIA OFICIAL<\/strong><\/p>\n<p style=\"font-weight: 400;\">CESUTOUR VIAGENS E TURISMO<\/p>\n<p style=\"font-weight: 400;\">\n<p style=\"font-weight: 400;\">Fa\u00e7a j\u00e1 a sua reserva:<\/p>\n<p style=\"font-weight: 400;\">(44) 3026-6360<\/p>\n<p style=\"font-weight: 400;\"><a href=\"mailto:contato@cesutour.com.br\">contato@cesutour.com.br<\/a><\/p>\n<p style=\"font-weight: 400;\">ou preencha o formul\u00e1rio\u00a0<a href=\"https:\/\/cesutour.com.br\/contato\" data-saferedirecturl=\"https:\/\/www.google.com\/url?q=https:\/\/cesutour.com.br\/contato&amp;source=gmail&amp;ust=1561546633862000&amp;usg=AFQjCNGE7V2GofdBN4rSe3-_gDDvieRVDg\">aqui<\/a>.<\/p>\n<p style=\"font-weight: 400;\">\n<p style=\"font-weight: 400;\">\n<p style=\"font-weight: 400;\">\n<p style=\"font-weight: 400;\">\n<p style=\"font-weight: 400;\"><strong>A\u00c9REO<\/strong><\/p>\n<p style=\"font-weight: 400;\">\n<p style=\"font-weight: 400;\">Desconto especial de at\u00e9 18% voando GOL na tarifa do dia.<\/p>\n<p style=\"font-weight: 400;\">Per\u00edodo de desconto: \u00a013 a 23 de setembro de 2019.<\/p>\n<p style=\"font-weight: 400;\">\n<p style=\"font-weight: 400;\">\n<p style=\"font-weight: 400;\">\n<p style=\"font-weight: 400;\"><strong>HOSPEDAGEM<\/strong><\/p>\n<p style=\"font-weight: 400;\"><strong>\u00a0<\/strong><\/p>\n<p style=\"font-weight: 400;\">Tarifas dos hot\u00e9is sugeridos:<\/p>\n<p style=\"font-weight: 400;\">\n<table style=\"font-weight: 400;\">\n<tbody>\n<tr>\n<td colspan=\"2\" width=\"238\"><strong>Go inn Jaguare<\/strong><\/td>\n<\/tr>\n<tr>\n<td width=\"119\"><strong>Single<\/strong><\/td>\n<td width=\"119\"><strong>Duplo<\/strong><\/td>\n<\/tr>\n<tr>\n<td width=\"119\">R$240<\/td>\n<td width=\"119\">R$268<\/td>\n<\/tr>\n<\/tbody>\n<\/table>\n<p style=\"font-weight: 400;\">\n<table style=\"font-weight: 400;\">\n<tbody>\n<tr>\n<td colspan=\"2\" width=\"238\"><strong>Quality Faria Lima<\/strong><\/td>\n<\/tr>\n<tr>\n<td width=\"119\"><strong>Single<\/strong><\/td>\n<td width=\"119\"><strong>Duplo<\/strong><\/td>\n<\/tr>\n<tr>\n<td width=\"119\">R$445<\/td>\n<td width=\"119\">R$268<\/td>\n<\/tr>\n<\/tbody>\n<\/table>\n<p style=\"font-weight: 400;\">\n<table style=\"font-weight: 400;\">\n<tbody>\n<tr>\n<td colspan=\"2\" width=\"238\"><strong>Meli\u00e1 Jardim Europa<\/strong><\/td>\n<\/tr>\n<tr>\n<td width=\"119\"><strong>Single<\/strong><\/td>\n<td width=\"119\"><strong>Duplo<\/strong><\/td>\n<\/tr>\n<tr>\n<td width=\"119\">R$620<\/td>\n<td width=\"119\">R$730<\/td>\n<\/tr>\n<\/tbody>\n<\/table>\n<p style=\"font-weight: 400;\">\n<table style=\"font-weight: 400;\">\n<tbody>\n<tr>\n<td colspan=\"2\" width=\"238\"><strong>Golden Tower<\/strong><\/td>\n<\/tr>\n<tr>\n<td width=\"119\"><strong>Single<\/strong><\/td>\n<td width=\"119\"><strong>Duplo<\/strong><\/td>\n<\/tr>\n<tr>\n<td width=\"119\">R$416<\/td>\n<td width=\"119\">R$462<\/td>\n<\/tr>\n<\/tbody>\n<\/table>\n<p style=\"font-weight: 400;\">\n<table style=\"font-weight: 400;\">\n<tbody>\n<tr>\n<td colspan=\"2\" width=\"238\"><strong>Tryp Iguatemi<\/strong><\/td>\n<\/tr>\n<tr>\n<td width=\"119\"><strong>Single<\/strong><\/td>\n<td width=\"119\"><strong>Duplo<\/strong><\/td>\n<\/tr>\n<tr>\n<td width=\"119\">R$430<\/td>\n<td width=\"119\">R$504<\/td>\n<\/tr>\n<\/tbody>\n<\/table>\n<p style=\"font-weight: 400;\">\n<table style=\"font-weight: 400;\">\n<tbody>\n<tr>\n<td colspan=\"2\" width=\"238\">\n<strong>Novotel Jaragua<\/strong><\/td>\n<\/tr>\n<tr>\n<td width=\"119\"><strong>Single<\/strong><\/td>\n<td width=\"119\"><strong>Duplo<\/strong><\/td>\n<\/tr>\n<tr>\n<td width=\"119\">R$490<\/td>\n<td width=\"119\">R$570<\/td>\n<\/tr>\n<\/tbody>\n<\/table>\n<p style=\"font-weight: 400;\">\n<table style=\"font-weight: 400;\">\n<tbody>\n<tr>\n<td colspan=\"2\" width=\"238\"><strong>Intercity Na\u00e7\u00f5es Unidas<\/strong><\/td>\n<\/tr>\n<tr>\n<td width=\"119\"><strong>Single<\/strong><\/td>\n<td width=\"119\"><strong>Duplo<\/strong><\/td>\n<\/tr>\n<tr>\n<td width=\"119\">R$330<\/td>\n<td width=\"119\">R$370<\/td>\n<\/tr>\n<\/tbody>\n<\/table>\n<p style=\"font-weight: 400;\">\n<table style=\"font-weight: 400;\">\n<tbody>\n<tr>\n<td colspan=\"2\" width=\"238\"><strong>Comfort Nova Paulista<\/strong><\/td>\n<\/tr>\n<tr>\n<td width=\"119\"><strong>Single<\/strong><\/td>\n<td width=\"119\"><strong>Duplo<\/strong><\/td>\n<\/tr>\n<tr>\n<td width=\"119\">R$290<\/td>\n<td width=\"119\">R$318<\/td>\n<\/tr>\n<\/tbody>\n<\/table>\n<p style=\"font-weight: 400;\">\n<table style=\"font-weight: 400;\">\n<tbody>\n<tr>\n<td colspan=\"2\" width=\"238\"><strong>Quality Paulista<\/strong><\/td>\n<\/tr>\n<tr>\n<td width=\"119\"><strong>Single<\/strong><\/td>\n<td width=\"119\"><strong>Duplo<\/strong><\/td>\n<\/tr>\n<tr>\n<td width=\"119\">R$315<\/td>\n<td width=\"119\">R$348<\/td>\n<\/tr>\n<\/tbody>\n<\/table>\n<p style=\"font-weight: 400;\">\n<p style=\"font-weight: 400;\"><em>Valores sujeitos \u00e0 disponibilidade.<\/em><\/p>\n<p><\/p>","protected":false},"excerpt":{"rendered":"<p>AG\u00caNCIA OFICIAL CESUTOUR VIAGENS E TURISMO Fa\u00e7a j\u00e1 a sua reserva: (44) 3026-6360 contato@cesutour.com.br ou preencha o formul\u00e1rio\u00a0aqui. A\u00c9REO Desconto especial de at\u00e9 18% voando GOL na tarifa do dia. Per\u00edodo de desconto: \u00a013 a 23 de setembro de 2019. HOSPEDAGEM \u00a0 Tarifas dos hot\u00e9is sugeridos: Go inn Jaguare Single Duplo R$240 R$268 Quality Faria &hellip; <\/p>\n<p class=\"link-more\"><a href=\"https:\/\/www.sbpr.org.br\/radio2019\/en\/agencia-de-turimos\/\" class=\"more-link\">Continue reading<span class=\"screen-reader-text\"> &#8220;Tourism Agency&#8221;<\/span><\/a><\/p>\n","protected":false},"author":1,"featured_media":0,"parent":0,"menu_order":0,"comment_status":"closed","ping_status":"closed","template":"","meta":{"footnotes":""},"class_list":["post-207","page","type-page","status-publish","hentry"],"_links":{"self":[{"href":"https:\/\/www.sbpr.org.br\/radio2019\/en\/wp-json\/wp\/v2\/pages\/207","targetHints":{"allow":["GET"]}}],"collection":[{"href":"https:\/\/www.sbpr.org.br\/radio2019\/en\/wp-json\/wp\/v2\/pages"}],"about":[{"href":"https:\/\/www.sbpr.org.br\/radio2019\/en\/wp-json\/wp\/v2\/types\/page"}],"author":[{"embeddable":true,"href":"https:\/\/www.sbpr.org.br\/radio2019\/en\/wp-json\/wp\/v2\/users\/1"}],"replies":[{"embeddable":true,"href":"https:\/\/www.sbpr.org.br\/radio2019\/en\/wp-json\/wp\/v2\/comments?post=207"}],"version-history":[{"count":1,"href":"https:\/\/www.sbpr.org.br\/radio2019\/en\/wp-json\/wp\/v2\/pages\/207\/revisions"}],"predecessor-version":[{"id":208,"href":"https:\/\/www.sbpr.org.br\/radio2019\/en\/wp-json\/wp\/v2\/pages\/207\/revisions\/208"}],"wp:attachment":[{"href":"https:\/\/www.sbpr.org.br\/radio2019\/en\/wp-json\/wp\/v2\/media?parent=207"}],"curies":[{"name":"wp","href":"https:\/\/api.w.org\/{rel}","templated":true}]}}